{"id":11,"date":"2020-09-17T22:06:43","date_gmt":"2020-09-18T01:06:43","guid":{"rendered":"https:\/\/ahui.cl\/?page_id=11"},"modified":"2026-05-06T21:37:10","modified_gmt":"2026-05-07T00:37:10","slug":"inicio","status":"publish","type":"page","link":"https:\/\/www.8fruits.cl\/en\/","title":{"rendered":"Inicio"},"content":{"rendered":"<h2>\n\t\tOur Purpose\n\t<\/h2>\n\t<p>To be the supplier of the highest quality fresh fruit and nuts and the best service to our customers worldwide, while being sustainable in all areas of production.<\/p>\n\t\t\t<a href=\"https:\/\/www.8fruits.cl\/en\/nosotros\/\" target=\"_self\" role=\"button\" rel=\"noopener\">\n\t\t\t\t\t\t\tKNOW MORE\n\t\t\t\t\t<\/a>\n<h2>\n\t\tOur Products\n\t<\/h2>\n\t\t\t<a href=\"https:\/\/www.8fruits.cl\/en\/productos\/\" target=\"_self\" role=\"button\" rel=\"noopener\">\n\t\t\t\t\t\t\tKNOW MORE\n\t\t\t\t\t<\/a>\n<h2>\n\t\tContact us\n\t<\/h2>\n\t\t\t\t<img src=\"https:\/\/8fruits.cl\/wp-content\/uploads\/2021\/07\/contact-img.png\" alt=\"contact-img\" itemprop=\"image\" title=\"contact-img\" onerror=\"this.style.display='none'\"  \/>\n\t\t\t<a href=\"https:\/\/www.8fruits.cl\/en\/contacto\/\" target=\"_self\" role=\"button\" rel=\"noopener\">\n\t\t\t\t\t\t\tSEND MESSAGE\n\t\t\t\t\t<\/a>","protected":false},"excerpt":{"rendered":"<p>Nuestro Prop\u00f3sito Ser el proveedor de fruta fresca y frutos secos de la m\u00e1s alta calidad y el mejor servicio para nuestros clientes de todo el mundo, siendo sustentables en todas las \u00e1reas de producci\u00f3n. SABER M\u00c1S Nuestros Productos SABER M\u00c1S Cont\u00e1ctate con nosotros ENVIAR MENSAJE<\/p>","protected":false},"author":1,"featured_media":0,"parent":0,"menu_order":0,"comment_status":"closed","ping_status":"closed","template":"","meta":{"om_disable_all_campaigns":false,"inline_featured_image":false,"_mi_skip_tracking":false},"aioseo_notices":[],"_links":{"self":[{"href":"https:\/\/www.8fruits.cl\/en\/wp-json\/wp\/v2\/pages\/11"}],"collection":[{"href":"https:\/\/www.8fruits.cl\/en\/wp-json\/wp\/v2\/pages"}],"about":[{"href":"https:\/\/www.8fruits.cl\/en\/wp-json\/wp\/v2\/types\/page"}],"author":[{"embeddable":true,"href":"https:\/\/www.8fruits.cl\/en\/wp-json\/wp\/v2\/users\/1"}],"replies":[{"embeddable":true,"href":"https:\/\/www.8fruits.cl\/en\/wp-json\/wp\/v2\/comments?post=11"}],"version-history":[{"count":42,"href":"https:\/\/www.8fruits.cl\/en\/wp-json\/wp\/v2\/pages\/11\/revisions"}],"predecessor-version":[{"id":1296,"href":"https:\/\/www.8fruits.cl\/en\/wp-json\/wp\/v2\/pages\/11\/revisions\/1296"}],"wp:attachment":[{"href":"https:\/\/www.8fruits.cl\/en\/wp-json\/wp\/v2\/media?parent=11"}],"curies":[{"name":"wp","href":"https:\/\/api.w.org\/{rel}","templated":true}]}}