{"id":18,"date":"2020-09-17T22:08:00","date_gmt":"2020-09-18T01:08:00","guid":{"rendered":"https:\/\/ahui.cl\/?page_id=18"},"modified":"2026-05-06T20:19:29","modified_gmt":"2026-05-06T23:19:29","slug":"productos","status":"publish","type":"page","link":"https:\/\/www.8fruits.cl\/en\/productos\/","title":{"rendered":"Products"},"content":{"rendered":"<h1>\n\t\t\t\tWalnuts\n\t\t\t<\/h1>\n\t\t\t<p>+<\/p>\t\n\t<p class=\" translation-block\"><strong>We currently have 250 net hectares of walnut trees<\/strong>, which were planted in 2017 (231.62 hectares) and 2019 (17.88 hectares). The variety planted is <strong>Chandler is 90% and 10% Cisco<\/strong> (used as pollinator):<\/p>\n<p class=\" translation-block\"><strong>Chandler:<\/strong> It is a variety developed by the breeding program of the University of Davis in USA, and is characterized by a tree of average vigor and fruit of extraordinary quality, which made it the most planted variety in the world. It flowers in October and its harvest in the Melipilla area occurs in April. The fruit is large, with a peel ratio of over 50% and a flesh colour of 90 to 100% of the light and extra light category.<\/p>\n<p class=\" translation-block\"><strong>Estimated outputs (Ton\/Year):<\/strong> Our estimated total production of walnuts per year is the following:<\/p>\n<table  data-tablesaw-minimap>\n\t\t\t<thead>\n\t\t<tr>\n\t\t\t<th id=\"pp-table-col-1\" scope=\"col\" data-tablesaw-sortable-col>\t\t\t\t\t\n\t\t\t\t\t\t\t\t\t\t\t\tYEAR\t\t\t\t\t\n\t\t\t\t\t<\/th><th id=\"pp-table-col-2\" scope=\"col\" data-tablesaw-sortable-col>\t\t\t\t\t\n\t\t\t\t\t\t\t\t\t\t\t\t2025\t\t\t\t\t\n\t\t\t\t\t<\/th><th id=\"pp-table-col-3\" scope=\"col\" data-tablesaw-sortable-col>\t\t\t\t\t\n\t\t\t\t\t\t\t\t\t\t\t\t2026\t\t\t\t\t\n\t\t\t\t\t<\/th><th id=\"pp-table-col-4\" scope=\"col\" data-tablesaw-sortable-col>\t\t\t\t\t\n\t\t\t\t\t\t\t\t\t\t\t\t2027+\t\t\t\t\t\n\t\t\t\t\t<\/th>\t\t<\/tr>\n\t<\/thead>\n\t\t<tbody>\n\t\t<tr><td>TON<\/td><td>1.450<\/td><td>1.510<\/td><td>1.600<\/td><\/tr>\t<\/tbody>\n<\/table>\n<h4>\n\t\tCOLOR\n\t<\/h4>\n\t\t\t\t<img src=\"https:\/\/8fruits.cl\/wp-content\/uploads\/2021\/08\/Walnut_Extralight.png\" alt=\"Walnut_Extralight\" itemprop=\"image\" title=\"Walnut_Extralight\" onerror=\"this.style.display='none'\"  \/>\n\t<p>Extra Light<\/p>\n\t\t\t\t<img src=\"https:\/\/8fruits.cl\/wp-content\/uploads\/2021\/08\/Walnut_light.png\" alt=\"Walnut_light\" itemprop=\"image\" title=\"Walnut_light\" onerror=\"this.style.display='none'\"  \/>\n\t<p>Light<\/p>\n\t\t\t\t<img src=\"https:\/\/8fruits.cl\/wp-content\/uploads\/2021\/08\/Walnut_LightAmber.png\" alt=\"Walnut_LightAmber\" itemprop=\"image\" title=\"Walnut_LightAmber\" onerror=\"this.style.display='none'\"  \/>\n\t<p>Light amber<\/p>\n\t\t\t\t<img src=\"https:\/\/8fruits.cl\/wp-content\/uploads\/2021\/12\/yellow-288x300.png\" alt=\"yellow\" itemprop=\"image\" title=\"yellow\" onerror=\"this.style.display='none'\"  \/>\n\t<p>Yellow<\/p>\n\t\t\t\t<img src=\"https:\/\/8fruits.cl\/wp-content\/uploads\/2021\/08\/Walnut_Amber.png\" alt=\"Walnut_Amber\" itemprop=\"image\" title=\"Walnut_Amber\" onerror=\"this.style.display='none'\"  \/>\n\t<p>Amber<\/p>\n<h4>\n\t\tCALIBRE\n\t<\/h4>\n                        <img src=\"\/wp-content\/uploads\/2021\/08\/nuez-final.svg\"\/>\n                         <p>28-30<\/p>\n                        <img src=\"\/wp-content\/uploads\/2021\/08\/nuez-final.svg\"\/>\n                         <p>30-32<\/p>\n                        <img src=\"\/wp-content\/uploads\/2021\/08\/nuez-final.svg\"\/>\n                         <p>32-34<\/p>\n                        <img src=\"\/wp-content\/uploads\/2021\/08\/nuez-final.svg\"\/>\n                         <p>34-36<\/p>\n                        <img src=\"\/wp-content\/uploads\/2021\/08\/nuez-final.svg\"\/>\n                         <p>36-38<\/p>\n                        <img src=\"\/wp-content\/uploads\/2021\/08\/nuez-final.svg\"\/>\n                         <p>+38<\/p>\n<h4>\n\t\tEMBALAJES\n\t<\/h4>\n    <!-- BLOQUE SACO -->\n            <img src=\"https:\/\/www.8fruits.cl\/wp-content\/uploads\/2026\/05\/Saco.png\"\n                 \/>\n            Sacos\n            <ul>\n                <li>10 Kgs<\/li>\n                <li>25 Kgs<\/li>\n            <\/ul>\n    <!-- BLOQUE CAJA -->\n            <img src=\"https:\/\/www.8fruits.cl\/wp-content\/uploads\/2026\/05\/Caja.png\"\n                 \/>\n            Cajas\n            <ul>\n                <li>10 Kgs<\/li>\n            <\/ul>\n\t\t\t\t<img loading=\"lazy\" src=\"https:\/\/8fruits.cl\/wp-content\/uploads\/2020\/09\/nogal-image.svg\" alt=\"Nuez\" itemprop=\"image\" height=\"151\" width=\"172\" title=\"nogal-image\" onerror=\"this.style.display='none'\"  \/>\n<h4>\n\t\tVARIETY\n\t<\/h4>\n\t<p>Chandler<\/p>\n\t\t\t\t<img loading=\"lazy\" src=\"https:\/\/8fruits.cl\/wp-content\/uploads\/2020\/09\/Hectare-img.svg\" alt=\"146,74\" itemprop=\"image\" height=\"150\" width=\"117\" title=\"Hectare-img\" onerror=\"this.style.display='none'\"  \/>\n<h4>\n\t\tAREAS\n\t<\/h4>\n\t<p>250 Ha<\/p>\n\t\t7,500\n\t\t\t\t\tRENDIMIENTO ESPERADO ( KG \/ HA )\n\t\t\t<a href=\"https:\/\/8fruits.cl\/wp-content\/uploads\/2021\/12\/3-Ficha_Te\u0301cnica_Nuez_con_cascara-ING.pdf\" target=\"_blank\" role=\"button\" rel=\"noopener\">\n\t\t\t\t\t\t\tDOWNLOAD TECHNICAL DATA SHEET\n\t\t\t\t\t<\/a>\n\t<h1>\n\t\t\t\tPistachios\n\t\t\t<\/h1>\n\t\t\t<p>+<\/p>\t\n\t<p><strong>Contamos en la actualidad con 30 hect\u00e1reas netas de pistachos<\/strong>The main variety is Sirora<strong> La variedad principal es Sirora que representa el 83% y la variedad Red Alepo un 17%. PLantaremos 21 hect\u00e1reas adicionales en 2027, principalmente con la variedad Golden Hill.<\/strong><\/p>\n<p class=\" translation-block\"><strong>Sirora:<\/strong> Created in Australia, a vigorous, high production tree. It has medium-large fruit, elongated-round, which makes it a very attractive fruit. It has a high quantity of open fruit. In the Melipilla zone it flowers in October and is harvested in March.<\/p>\n<p class=\" translation-block\"><strong>Red Aleppo:<\/strong> A very attractive fruit variety for its intense green seed color and a particular red tone on the tree\u2019s fruit. It is harvested earlier than Sirora with a somewhat smaller fruit, with very good shell opening and is very productive.<\/p>\n<p class=\" translation-block\"><strong>Golden Hill:<\/strong> It is late blooming, the tree has an erect growth habit and the color of its bark is very similar to that of Kerman. Golden Hills has a good fruit yield and a high percentage of open fruit. This variety provides a large, rounded pistachio with a very white shell<\/p>\n<p class=\" translation-block\"><strong>Estimated outputs (Ton\/Year):<\/strong> Our estimated total pistachio production per year is the following:<\/p>\n\t\t\t\t<img loading=\"lazy\" src=\"https:\/\/ahui.cl\/wp-content\/uploads\/2020\/09\/pistachos-img.svg\" alt=\"pistachos-img\" itemprop=\"image\" height=\"139\" width=\"148\" title=\"pistachos-img\" onerror=\"this.style.display='none'\"  \/>\n<h4>\n\t\tVARIETY\n\t<\/h4>\n\t<p>Sirora, Red Alepo,<br \/>Golden Hill<\/p>\n\t\t\t\t<img loading=\"lazy\" src=\"https:\/\/ahui.cl\/wp-content\/uploads\/2020\/09\/Hectare-img.svg\" alt=\"146,74\" itemprop=\"image\" height=\"150\" width=\"117\" title=\"Hectare-img\" onerror=\"this.style.display='none'\"  \/>\n<h4>\n\t\tAREAS\n\t<\/h4>\n\t<p>51 Ha<\/p>\n\t\t3,500\n\t\t\t\t\tRENDIMIENTO ESPERADO ( KG \/ HA )\n<table  data-tablesaw-minimap>\n\t\t\t<thead>\n\t\t<tr>\n\t\t\t<th id=\"pp-table-col-1\" scope=\"col\" data-tablesaw-sortable-col>\t\t\t\t\t\n\t\t\t\t\t\t\t\t\t\t\t\tYEAR\t\t\t\t\t\n\t\t\t\t\t<\/th><th id=\"pp-table-col-2\" scope=\"col\" data-tablesaw-sortable-col>\t\t\t\t\t\n\t\t\t\t\t\t\t\t\t\t\t\t2025\t\t\t\t\t\n\t\t\t\t\t<\/th><th id=\"pp-table-col-3\" scope=\"col\" data-tablesaw-sortable-col>\t\t\t\t\t\n\t\t\t\t\t\t\t\t\t\t\t\t2026\t\t\t\t\t\n\t\t\t\t\t<\/th><th id=\"pp-table-col-4\" scope=\"col\" data-tablesaw-sortable-col>\t\t\t\t\t\n\t\t\t\t\t\t\t\t\t\t\t\t2027\t\t\t\t\t\n\t\t\t\t\t<\/th><th id=\"pp-table-col-5\" scope=\"col\" data-tablesaw-sortable-col>\t\t\t\t\t\n\t\t\t\t\t\t\t\t\t\t\t\t2028\t\t\t\t\t\n\t\t\t\t\t<\/th><th id=\"pp-table-col-6\" scope=\"col\" data-tablesaw-sortable-col>\t\t\t\t\t\n\t\t\t\t\t\t\t\t\t\t\t\t2029\t\t\t\t\t\n\t\t\t\t\t<\/th><th id=\"pp-table-col-7\" scope=\"col\" data-tablesaw-sortable-col>\t\t\t\t\t\n\t\t\t\t\t\t\t\t\t\t\t\t2030\t\t\t\t\t\n\t\t\t\t\t<\/th>\t\t<\/tr>\n\t<\/thead>\n\t\t<tbody>\n\t\t<tr><td>TON<\/td><td>4,6<\/td><td>24<\/td><td>50<\/td><td>75<\/td><td>108<\/td><td>118<\/td><\/tr>\t<\/tbody>\n<\/table>\n\t<h1>\n\t\t\t\tCherries\n\t\t\t<\/h1>\n\t\t\t<p>+<\/p>\t\n\t<p><strong>En el a\u00f1o 2020 se plantaron 21 hect\u00e1reas netas de Cerezas<\/strong>for which <strong>se utilizar\u00e1 solamente la variedad Santina<\/strong>, injertada sobre los Colt y Maxma 14.<\/p>\n<p class=\" translation-block\">A self-fertile variety from the Summerland experimental station in Canada. It was chosen because of the great quality of its fruit in caliber, color, sugar\/acidity ratio, very good condition and firmness that permits long-distance travel (such as to Asia) without losing quality; furthermore it is a variety that is harvested in November in Cauquenes. It is considered to have medium flowering and early maturation<\/p>\n<p class=\" translation-block\"><strong>Estimated outputs (Ton\/Year):<\/strong> Our estimated total clementine production per year is the following:<\/p>\n\t\t\t\t<img loading=\"lazy\" src=\"https:\/\/8fruits.cl\/wp-content\/uploads\/2020\/09\/cherrys-img.svg\" alt=\"cherrys-img\" itemprop=\"image\" height=\"150\" width=\"112\" title=\"cherrys-img\" onerror=\"this.style.display='none'\"  \/>\n<h4>\n\t\tVARIETY\n\t<\/h4>\n\t<p>Santina<\/p>\n\t\t\t\t<img loading=\"lazy\" src=\"https:\/\/8fruits.cl\/wp-content\/uploads\/2020\/09\/Hectare-img.svg\" alt=\"146,74\" itemprop=\"image\" height=\"150\" width=\"117\" title=\"Hectare-img\" onerror=\"this.style.display='none'\"  \/>\n<h4>\n\t\tAREAS\n\t<\/h4>\n\t<p>21 Ha<\/p>\n\t\t12,500\n\t\t\t\t\tRENDIMIENTO ESPERADO ( KG \/ HA )\n<table  data-tablesaw-minimap>\n\t\t\t<thead>\n\t\t<tr>\n\t\t\t<th id=\"pp-table-col-1\" scope=\"col\" data-tablesaw-sortable-col>\t\t\t\t\t\n\t\t\t\t\t\t\t\t\t\t\t\tYEAR\t\t\t\t\t\n\t\t\t\t\t<\/th><th id=\"pp-table-col-2\" scope=\"col\" data-tablesaw-sortable-col>\t\t\t\t\t\n\t\t\t\t\t\t\t\t\t\t\t\t2025\t\t\t\t\t\n\t\t\t\t\t<\/th><th id=\"pp-table-col-3\" scope=\"col\" data-tablesaw-sortable-col>\t\t\t\t\t\n\t\t\t\t\t\t\t\t\t\t\t\t2026\t\t\t\t\t\n\t\t\t\t\t<\/th><th id=\"pp-table-col-4\" scope=\"col\" data-tablesaw-sortable-col>\t\t\t\t\t\n\t\t\t\t\t\t\t\t\t\t\t\t2027\t\t\t\t\t\n\t\t\t\t\t<\/th><th id=\"pp-table-col-5\" scope=\"col\" data-tablesaw-sortable-col>\t\t\t\t\t\n\t\t\t\t\t\t\t\t\t\t\t\t2028\t\t\t\t\t\n\t\t\t\t\t<\/th>\t\t<\/tr>\n\t<\/thead>\n\t\t<tbody>\n\t\t<tr><td>TON<\/td><td>180<\/td><td>200<\/td><td>225<\/td><td>235<\/td><\/tr>\t<\/tbody>\n<\/table>\n\t<h1>\n\t\t\t\tOranges\n\t\t\t<\/h1>\n\t\t\t<p>+<\/p>\t\n\t<p><strong>En septiembre de 2021 se plantaron 15 hect\u00e1reas netas de naranjas<\/strong>for which <strong>we will use only Caracara variety<\/strong>, injertada sobre el portainjerto Carrizo<\/p>\n<p class=\" translation-block\"><strong>Caracara:<\/strong> A variety of navel oranges characterized by reddish pulp and extra-sweet flavor, of great interest to the Asian market. The characteristic of red pulp makes them completely recognizable by consumers, which is a large advantage in the orange market where consumers normally do not manage to differentiate varieties with clarity, which creates insecurity when selecting.<\/p>\n<p class=\" translation-block\"><strong>Estimated outputs (Ton\/Year):<\/strong> Our estimated total orange production per year is the following:<\/p>\n\t\t\t\t<img src=\"https:\/\/8fruits.cl\/wp-content\/uploads\/2020\/11\/Orange_big.png\" alt=\"Orange_big\" itemprop=\"image\" title=\"Orange_big\" onerror=\"this.style.display='none'\"  \/>\n<h4>\n\t\tVARIETY\n\t<\/h4>\n\t<p>Caracara<\/p>\n\t\t\t\t<img loading=\"lazy\" src=\"https:\/\/8fruits.cl\/wp-content\/uploads\/2020\/09\/Hectare-img.svg\" alt=\"146,74\" itemprop=\"image\" height=\"150\" width=\"117\" title=\"Hectare-img\" onerror=\"this.style.display='none'\"  \/>\n<h4>\n\t\tAREAS\n\t<\/h4>\n\t<p>15 Ha<\/p>\n\t\t45,000\n\t\t\t\t\tRENDIMIENTO ESPERADO ( KG \/ HA )\n<table  data-tablesaw-minimap>\n\t\t\t<thead>\n\t\t<tr>\n\t\t\t<th id=\"pp-table-col-1\" scope=\"col\" data-tablesaw-sortable-col>\t\t\t\t\t\n\t\t\t\t\t\t\t\t\t\t\t\tYEAR\t\t\t\t\t\n\t\t\t\t\t<\/th><th id=\"pp-table-col-2\" scope=\"col\" data-tablesaw-sortable-col>\t\t\t\t\t\n\t\t\t\t\t\t\t\t\t\t\t\t2025\t\t\t\t\t\n\t\t\t\t\t<\/th><th id=\"pp-table-col-3\" scope=\"col\" data-tablesaw-sortable-col>\t\t\t\t\t\n\t\t\t\t\t\t\t\t\t\t\t\t2026\t\t\t\t\t\n\t\t\t\t\t<\/th><th id=\"pp-table-col-4\" scope=\"col\" data-tablesaw-sortable-col>\t\t\t\t\t\n\t\t\t\t\t\t\t\t\t\t\t\t2027\t\t\t\t\t\n\t\t\t\t\t<\/th><th id=\"pp-table-col-5\" scope=\"col\" data-tablesaw-sortable-col>\t\t\t\t\t\n\t\t\t\t\t\t\t\t\t\t\t\t2028\t\t\t\t\t\n\t\t\t\t\t<\/th>\t\t<\/tr>\n\t<\/thead>\n\t\t<tbody>\n\t\t<tr><td>TON<\/td><td>250<\/td><td>448<\/td><td>508<\/td><td>573<\/td><\/tr>\t<\/tbody>\n<\/table>\n\t<h1>\n\t\t\t\tClementines\n\t\t\t<\/h1>\n\t\t\t<p>+<\/p>\t\n\t<p><strong>En septiembre de 2021 se plantaron 45 hect\u00e1reas netas de Clementinas, en la siguiente proporci\u00f3n:<\/strong> Oronules 2,5 hect\u00e1reas; Orogrande 30 hect\u00e1reas; Clemenules 22,5 hect\u00e1reas en desarrollo.<\/p>\n<p><strong>Oronules:<\/strong> Es la variedad m\u00e1s temprana del grupo de las clementinas, de calibres medios, y buena relaci\u00f3n az\u00facar\/acidez.<\/p>\n<p><strong>Orogrande:<\/strong> Es una variedad de calibres de gran tama\u00f1o, temprana, m\u00e1s tard\u00eda que Oronules y m\u00e1s temprana que Clemenules y buena relaci\u00f3n az\u00facar\/acidez. Pensadas para el mercado de exportaci\u00f3n.<\/p>\n<p><strong>Clemenules:<\/strong> Es la variedad m\u00e1s tard\u00eda, tiene buen calibre, muy buen color, y muy buena postcosecha. Pensadas para el mercado de exportaci\u00f3n.<\/p>\n<p class=\" translation-block\"><strong>Estimated outputs (Ton\/Year):<\/strong> Our estimated total clementine production per year is the following:<\/p>\n\t\t\t\t<img src=\"https:\/\/8fruits.cl\/wp-content\/uploads\/2020\/11\/Clementine_Big.png\" alt=\"Clementine_Big\" itemprop=\"image\" title=\"Clementine_Big\" onerror=\"this.style.display='none'\"  \/>\n<h4>\n\t\tVARIETY\n\t<\/h4>\n\tOrogrande,<br \/>\nClemenules, Oronules\n\t\t\t\t<img loading=\"lazy\" src=\"https:\/\/8fruits.cl\/wp-content\/uploads\/2020\/09\/Hectare-img.svg\" alt=\"146,74\" itemprop=\"image\" height=\"150\" width=\"117\" title=\"Hectare-img\" onerror=\"this.style.display='none'\"  \/>\n<h4>\n\t\tAREAS\n\t<\/h4>\n\t<p>45 Ha<\/p>\n\t\t35,000\n\t\t\t\t\tRENDIMIENTO ESPERADO ( KG \/ HA )\n<table  data-tablesaw-minimap>\n\t\t\t<thead>\n\t\t<tr>\n\t\t\t<th id=\"pp-table-col-1\" scope=\"col\" data-tablesaw-sortable-col>\t\t\t\t\t\n\t\t\t\t\t\t\t\t\t\t\t\tYEAR\t\t\t\t\t\n\t\t\t\t\t<\/th><th id=\"pp-table-col-2\" scope=\"col\" data-tablesaw-sortable-col>\t\t\t\t\t\n\t\t\t\t\t\t\t\t\t\t\t\t2025\t\t\t\t\t\n\t\t\t\t\t<\/th><th id=\"pp-table-col-3\" scope=\"col\" data-tablesaw-sortable-col>\t\t\t\t\t\n\t\t\t\t\t\t\t\t\t\t\t\t2026\t\t\t\t\t\n\t\t\t\t\t<\/th><th id=\"pp-table-col-4\" scope=\"col\" data-tablesaw-sortable-col>\t\t\t\t\t\n\t\t\t\t\t\t\t\t\t\t\t\t2027\t\t\t\t\t\n\t\t\t\t\t<\/th><th id=\"pp-table-col-5\" scope=\"col\" data-tablesaw-sortable-col>\t\t\t\t\t\n\t\t\t\t\t\t\t\t\t\t\t\t2028\t\t\t\t\t\n\t\t\t\t\t<\/th>\t\t<\/tr>\n\t<\/thead>\n\t\t<tbody>\n\t\t<tr><td>TON<\/td><td>540<\/td><td>1.150<\/td><td>1.560<\/td><td>1.800<\/td><\/tr>\t<\/tbody>\n<\/table>","protected":false},"excerpt":{"rendered":"<p>Nueces + Tenemos en la actualidad 250 hect\u00e1reas netas de nogales, las cuales fueron plantadas el a\u00f1o 2017 (231,62 h\u00e1s) y el a\u00f1o 2019 (17,88 H\u00e1s). La variedad plantada es Chandler en un 90% y un 10% de Cisco (utilizada como polinizante): Chandler: Es una variedad desarrollada por el programa de mejoramiento de la Universidad&hellip;<\/p>","protected":false},"author":1,"featured_media":0,"parent":0,"menu_order":0,"comment_status":"closed","ping_status":"closed","template":"","meta":{"om_disable_all_campaigns":false,"inline_featured_image":false,"_mi_skip_tracking":false},"aioseo_notices":[],"_links":{"self":[{"href":"https:\/\/www.8fruits.cl\/en\/wp-json\/wp\/v2\/pages\/18"}],"collection":[{"href":"https:\/\/www.8fruits.cl\/en\/wp-json\/wp\/v2\/pages"}],"about":[{"href":"https:\/\/www.8fruits.cl\/en\/wp-json\/wp\/v2\/types\/page"}],"author":[{"embeddable":true,"href":"https:\/\/www.8fruits.cl\/en\/wp-json\/wp\/v2\/users\/1"}],"replies":[{"embeddable":true,"href":"https:\/\/www.8fruits.cl\/en\/wp-json\/wp\/v2\/comments?post=18"}],"version-history":[{"count":165,"href":"https:\/\/www.8fruits.cl\/en\/wp-json\/wp\/v2\/pages\/18\/revisions"}],"predecessor-version":[{"id":1293,"href":"https:\/\/www.8fruits.cl\/en\/wp-json\/wp\/v2\/pages\/18\/revisions\/1293"}],"wp:attachment":[{"href":"https:\/\/www.8fruits.cl\/en\/wp-json\/wp\/v2\/media?parent=18"}],"curies":[{"name":"wp","href":"https:\/\/api.w.org\/{rel}","templated":true}]}}