{"id":17,"date":"2020-09-17T22:07:49","date_gmt":"2020-09-18T01:07:49","guid":{"rendered":"https:\/\/ahui.cl\/?page_id=17"},"modified":"2026-05-06T20:32:03","modified_gmt":"2026-05-06T23:32:03","slug":"nosotros","status":"publish","type":"page","link":"https:\/\/www.8fruits.cl\/zh\/nosotros\/","title":{"rendered":"\u5173\u4e8e\u6211\u4eec"},"content":{"rendered":"<h1>\n\t\t\t\t\u516c\u53f8\u7b80\u4ecb\n\t\t\t<\/h1>\n\t\t\t<p>+<\/p>\t\n\t<p>8 Fruits es una empresa familiar fundada el a\u00f1o 2017 con el objetivo de exportar fruta fresca y frutos secos producidos a lo largo de Chile.<\/p>\n<p>\u672c\u516c\u53f8\u4e13\u6ce8\u4e8e\u5168\u5e74\u63d0\u4f9b\u5404\u79cd\u9ad8\u54c1\u8d28\u7684\u6c34\u679c\uff0c\u540c\u65f6\uff0c\u6211\u4eec\u5c06\u81ea\u5df1\u5b9a\u4f4d\u4e3a\u4e0d\u4ec5\u662f\u4e00\u5bb6\u6c34\u679c\u51fa\u53e3\u516c\u53f8\uff0c\u4e5f\u662f\u6c34\u679c\u751f\u4ea7\u5546\u548c\u5305\u88c5\u5546\uff0c\u4ece\u800c\u786e\u4fdd\u4ef7\u503c\u94fe\u3001\u8d28\u91cf\u548c\u53ef\u6301\u7eed\u751f\u4ea7\u7684\u4e00\u4f53\u6027\u3002<\/p>\n<p>La fruta de la empresa proviene principalmente de Agr\u00edcola Huillinco, propiedad de los mismos due\u00f1os de 8 Fruits, sus huertos se componen de 250 hect\u00e1reas de nogales, 51 hect\u00e1reas de pistachos, 21 hect\u00e1reas de cerezas y 65 hect\u00e1reas de c\u00edtricos dulces, cuyo origen proviene de cuatro unidades productivas desde la Regi\u00f3n de Atacama hasta la Regi\u00f3n Metropolitana. Procesamos a productores que compartan nuestra visi\u00f3n y foco en calidad.<\/p>\n<p>En 2023 inauguramos nuestra planta de procesos para nueces, con una superficie de 6.000 m2 aproximados y con capacidad de procesar hasta 3.000 toneladas.<\/p>\n<p>Contamos con 4 plantas solares, una en cada campo que suman 730 kW para abastecer el 100% de nuestra demanda el\u00e9ctrica.<\/p>\n<p>Nuestro huertos han sido certificados por Global Gap desde 2021.<\/p>\n\t<h1>\n\t\t\t\t\u6211\u4eec\u7684\u76ee\u6807\n\t\t\t<\/h1>\n\t\t\t<p>+<\/p>\t\n\t<p>\u6210\u4e3a\u65b0\u9c9c\u6c34\u679c\u4e0e\u575a\u679c\u6700\u53ef\u6301\u7eed\u7684\u4f9b\u5e94\u5546\uff0c\u4e3a\u6211\u4eec\u5728\u667a\u5229\u53ca\u5168\u4e16\u754c\u7684\u5ba2\u6237\u63d0\u4f9b\u6700\u4f18\u670d\u52a1\u548c\u6700\u9ad8\u54c1\u8d28\u7684\u4ea7\u54c1\u3002 <\/p>\n\t<h1>\n\t\t\t\tEquipo\n\t\t\t<\/h1>\n\t\t\t<p>+<\/p>\t\n            <img src=\"..\/..\/wp-content\/uploads\/2020\/12\/javierdelrio.jpg\" \/>\n            \u6267\u884c\u8463\u4e8b\n            <h3>Javier del R\u00edo<\/h3>\n                <a target=\"_blank\" href=\"https:\/\/www.linkedin.com\/in\/javier-del-r%C3%ADo-arteaga-13a974161\/\" rel=\"noopener\"><\/a>\n            <img src=\"..\/..\/wp-content\/uploads\/2020\/12\/Juan-Pablo-de-la-Fuente.jpg\" \/>\n            GERENTE GENERAL\n            <h3>Juan Pablo de la Fuente<\/h3>\n                <a target=\"_blank\" href=\"https:\/\/www.linkedin.com\/in\/juan-pablo-de-la-fuente-larra%C3%ADn\/\" rel=\"noopener\"><\/a>","protected":false},"excerpt":{"rendered":"<p>Sobre la empresa + 8 Fruits es una empresa familiar fundada el a\u00f1o 2017 con el objetivo de exportar fruta fresca y frutos secos producidos a lo largo de Chile. El foco principal de la empresa es ofrecer una amplia gama de fruta de alta calidad, durante todo el a\u00f1o, posicion\u00e1ndonos como una empresa exportadora,&hellip;<\/p>","protected":false},"author":1,"featured_media":0,"parent":0,"menu_order":0,"comment_status":"closed","ping_status":"closed","template":"","meta":{"om_disable_all_campaigns":false,"inline_featured_image":false,"_mi_skip_tracking":false},"aioseo_notices":[],"_links":{"self":[{"href":"https:\/\/www.8fruits.cl\/zh\/wp-json\/wp\/v2\/pages\/17"}],"collection":[{"href":"https:\/\/www.8fruits.cl\/zh\/wp-json\/wp\/v2\/pages"}],"about":[{"href":"https:\/\/www.8fruits.cl\/zh\/wp-json\/wp\/v2\/types\/page"}],"author":[{"embeddable":true,"href":"https:\/\/www.8fruits.cl\/zh\/wp-json\/wp\/v2\/users\/1"}],"replies":[{"embeddable":true,"href":"https:\/\/www.8fruits.cl\/zh\/wp-json\/wp\/v2\/comments?post=17"}],"version-history":[{"count":108,"href":"https:\/\/www.8fruits.cl\/zh\/wp-json\/wp\/v2\/pages\/17\/revisions"}],"predecessor-version":[{"id":1294,"href":"https:\/\/www.8fruits.cl\/zh\/wp-json\/wp\/v2\/pages\/17\/revisions\/1294"}],"wp:attachment":[{"href":"https:\/\/www.8fruits.cl\/zh\/wp-json\/wp\/v2\/media?parent=17"}],"curies":[{"name":"wp","href":"https:\/\/api.w.org\/{rel}","templated":true}]}}